{"id":955,"date":"2025-08-18T13:12:53","date_gmt":"2025-08-18T13:12:53","guid":{"rendered":"https:\/\/drmoradelrio.com\/?page_id=955"},"modified":"2025-10-07T00:21:55","modified_gmt":"2025-10-07T00:21:55","slug":"aviso-legal","status":"publish","type":"page","link":"https:\/\/drmoradelrio.com\/zh\/aviso-legal\/","title":{"rendered":"\u6cd5\u5f8b\u58f0\u660e"},"content":{"rendered":"<div data-elementor-type=\"wp-page\" data-elementor-id=\"955\" class=\"elementor elementor-955\" data-elementor-post-type=\"page\">\n\t\t\t\t<div class=\"elementor-element elementor-element-2ef1106 e-flex e-con-boxed e-con e-parent\" data-id=\"2ef1106\" data-element_type=\"container\" data-e-type=\"container\">\n\t\t\t\t\t<div class=\"e-con-inner\">\n\t\t\t\t<div class=\"elementor-element elementor-element-f4e3fca elementor-widget elementor-widget-heading\" data-id=\"f4e3fca\" data-element_type=\"widget\" data-e-type=\"widget\" data-widget_type=\"heading.default\">\n\t\t\t\t\t<h2 class=\"elementor-heading-title elementor-size-default\">\u6cd5\u5f8b\u58f0\u660e<\/h2>\t\t\t\t<\/div>\n\t\t\t\t<div class=\"elementor-element elementor-element-14ad1a8 elementor-widget elementor-widget-text-editor\" data-id=\"14ad1a8\" data-element_type=\"widget\" data-e-type=\"widget\" data-widget_type=\"text-editor.default\">\n\t\t\t\t\t\t\t\t\t<p data-start=\"233\" data-end=\"484\"><strong data-start=\"233\" data-end=\"254\">Titular de la web<\/strong><br data-start=\"254\" data-end=\"257\" \/>En cumplimiento con lo dispuesto en la Ley 34\/2002 de 11 de julio, de Servicios de la Sociedad de la Informaci\u00f3n y de Comercio Electr\u00f3nico (LSSI-CE), se informa de los siguientes datos de la empresa titular de este sitio web:<\/p><ul data-start=\"486\" data-end=\"696\"><li data-start=\"486\" data-end=\"523\"><p data-start=\"488\" data-end=\"523\"><strong data-start=\"488\" data-end=\"504\">Raz\u00f3n Social<\/strong>: Meditradepor SL<\/p><\/li><li data-start=\"524\" data-end=\"550\"><p data-start=\"526\" data-end=\"550\"><strong data-start=\"526\" data-end=\"537\">CIF\/NIF<\/strong>: B66388059<\/p><\/li><li data-start=\"551\" data-end=\"619\"><p data-start=\"553\" data-end=\"619\"><strong data-start=\"553\" data-end=\"573\">Domicilio social<\/strong>: Cl Corcega Num.52 Local, 08012 \u2013 Barcelona<\/p><\/li><li data-start=\"620\" data-end=\"647\"><p data-start=\"622\" data-end=\"647\"><strong data-start=\"622\" data-end=\"634\">\u7535\u8bdd<\/strong>: 934617717<\/p><\/li><li data-start=\"648\" data-end=\"696\"><p data-start=\"650\" data-end=\"696\"><strong data-start=\"650\" data-end=\"671\">Email de contacto<\/strong>: <a class=\"decorated-link cursor-pointer\" rel=\"noopener\" data-start=\"673\" data-end=\"694\">info@mtdbarcelona.com<\/a><\/p><\/li><\/ul><p data-start=\"698\" data-end=\"993\"><strong data-start=\"698\" data-end=\"720\">Condiciones de uso<\/strong><br data-start=\"720\" data-end=\"723\" \/>El acceso y la navegaci\u00f3n en este sitio web implican la aceptaci\u00f3n de las condiciones establecidas en este Aviso Legal. El usuario se compromete a hacer un uso adecuado de la web y a no emplearla para actividades il\u00edcitas o contrarias a la buena fe y al orden p\u00fablico.<\/p><p data-start=\"995\" data-end=\"1312\"><strong data-start=\"995\" data-end=\"1033\">Propiedad intelectual e industrial<\/strong><br data-start=\"1033\" data-end=\"1036\" \/>Todos los contenidos de este sitio web (textos, im\u00e1genes, logotipos, dise\u00f1o, software, etc.) son propiedad de Meditradepor SL o cuentan con licencia o autorizaci\u00f3n expresa de sus autores. Queda prohibida su reproducci\u00f3n, distribuci\u00f3n o modificaci\u00f3n sin autorizaci\u00f3n expresa.<\/p><p data-start=\"1314\" data-end=\"1567\"><strong data-start=\"1314\" data-end=\"1347\">Limitaci\u00f3n de responsabilidad<\/strong><br data-start=\"1347\" data-end=\"1350\" \/>Meditradepor SL no se responsabiliza de los da\u00f1os o perjuicios que puedan derivarse de interferencias, omisiones, interrupciones, virus inform\u00e1ticos, aver\u00edas o desconexiones motivadas por causas ajenas a la entidad.<\/p>\t\t\t\t\t\t\t\t<\/div>\n\t\t\t\t\t<\/div>\n\t\t\t\t<\/div>\n\t\t\t\t<\/div>","protected":false},"excerpt":{"rendered":"<p>Aviso Legal Titular de la webEn cumplimiento con lo dispuesto en la Ley 34\/2002 de 11 de julio, de Servicios de la Sociedad de la Informaci\u00f3n y de Comercio Electr\u00f3nico (LSSI-CE), se informa de los siguientes datos de la empresa titular de este sitio web: Raz\u00f3n Social: Meditradepor SL CIF\/NIF: B66388059 Domicilio social: Cl Corcega [&hellip;]<\/p>\n","protected":false},"author":1,"featured_media":0,"parent":0,"menu_order":0,"comment_status":"closed","ping_status":"closed","template":"","meta":{"footnotes":""},"class_list":["post-955","page","type-page","status-publish","hentry"],"aioseo_notices":[],"_links":{"self":[{"href":"https:\/\/drmoradelrio.com\/zh\/wp-json\/wp\/v2\/pages\/955","targetHints":{"allow":["GET"]}}],"collection":[{"href":"https:\/\/drmoradelrio.com\/zh\/wp-json\/wp\/v2\/pages"}],"about":[{"href":"https:\/\/drmoradelrio.com\/zh\/wp-json\/wp\/v2\/types\/page"}],"author":[{"embeddable":true,"href":"https:\/\/drmoradelrio.com\/zh\/wp-json\/wp\/v2\/users\/1"}],"replies":[{"embeddable":true,"href":"https:\/\/drmoradelrio.com\/zh\/wp-json\/wp\/v2\/comments?post=955"}],"version-history":[{"count":10,"href":"https:\/\/drmoradelrio.com\/zh\/wp-json\/wp\/v2\/pages\/955\/revisions"}],"predecessor-version":[{"id":1573,"href":"https:\/\/drmoradelrio.com\/zh\/wp-json\/wp\/v2\/pages\/955\/revisions\/1573"}],"wp:attachment":[{"href":"https:\/\/drmoradelrio.com\/zh\/wp-json\/wp\/v2\/media?parent=955"}],"curies":[{"name":"wp","href":"https:\/\/api.w.org\/{rel}","templated":true}]}}