{"id":959,"date":"2025-08-18T13:15:38","date_gmt":"2025-08-18T13:15:38","guid":{"rendered":"https:\/\/drmoradelrio.com\/?page_id=959"},"modified":"2025-10-07T00:21:19","modified_gmt":"2025-10-07T00:21:19","slug":"politicas-de-cookies","status":"publish","type":"page","link":"https:\/\/drmoradelrio.com\/it\/politicas-de-cookies\/","title":{"rendered":"Politica sui cookies"},"content":{"rendered":"<div data-elementor-type=\"wp-page\" data-elementor-id=\"959\" class=\"elementor elementor-959\" data-elementor-post-type=\"page\">\n\t\t\t\t<div class=\"elementor-element elementor-element-1835ae3 e-flex e-con-boxed e-con e-parent\" data-id=\"1835ae3\" data-element_type=\"container\" data-e-type=\"container\">\n\t\t\t\t\t<div class=\"e-con-inner\">\n\t\t\t\t<div class=\"elementor-element elementor-element-b9494df elementor-widget elementor-widget-heading\" data-id=\"b9494df\" data-element_type=\"widget\" data-e-type=\"widget\" data-widget_type=\"heading.default\">\n\t\t\t\t\t<h2 class=\"elementor-heading-title elementor-size-default\">Pol\u00edtica de Cookies <\/h2>\t\t\t\t<\/div>\n\t\t\t\t<div class=\"elementor-element elementor-element-de24b49 elementor-widget elementor-widget-text-editor\" data-id=\"de24b49\" data-element_type=\"widget\" data-e-type=\"widget\" data-widget_type=\"text-editor.default\">\n\t\t\t\t\t\t\t\t\t<p data-start=\"1602\" data-end=\"1779\">Este sitio web utiliza cookies propias y de terceros para mejorar la experiencia de navegaci\u00f3n del usuario, as\u00ed como para fines anal\u00edticos y de integraci\u00f3n con redes sociales.<\/p><p data-start=\"1781\" data-end=\"1944\"><strong data-start=\"1781\" data-end=\"1806\">\u00bfQu\u00e9 son las cookies?<\/strong><br data-start=\"1806\" data-end=\"1809\" \/>Las cookies son peque\u00f1os archivos que se almacenan en el dispositivo del usuario y permiten recordar informaci\u00f3n sobre su navegaci\u00f3n.<\/p><p data-start=\"1946\" data-end=\"1979\"><strong data-start=\"1946\" data-end=\"1977\">Tipos de cookies utilizadas<\/strong><\/p><ul data-start=\"1980\" data-end=\"2252\"><li data-start=\"1980\" data-end=\"2050\"><p data-start=\"1982\" data-end=\"2050\"><strong data-start=\"1982\" data-end=\"2002\">Cookies t\u00e9cnicas<\/strong>: necesarias para el funcionamiento de la web.<\/p><\/li><li data-start=\"2051\" data-end=\"2142\"><p data-start=\"2053\" data-end=\"2142\"><strong data-start=\"2053\" data-end=\"2076\">Cookies de an\u00e1lisis<\/strong>: Google Analytics, para recopilar estad\u00edsticas de uso an\u00f3nimas.<\/p><\/li><li data-start=\"2143\" data-end=\"2252\"><p data-start=\"2145\" data-end=\"2171\"><strong data-start=\"2145\" data-end=\"2168\">Cookies de terceros<\/strong>:<\/p><ul data-start=\"2174\" data-end=\"2252\"><li data-start=\"2174\" data-end=\"2206\"><p data-start=\"2176\" data-end=\"2206\">V\u00eddeos embebidos de YouTube.<\/p><\/li><li data-start=\"2209\" data-end=\"2252\"><p data-start=\"2211\" data-end=\"2252\">Plugins sociales de LinkedIn y YouTube.<\/p><\/li><\/ul><\/li><\/ul><p data-start=\"2254\" data-end=\"2428\"><strong data-start=\"2254\" data-end=\"2276\">Gesti\u00f3n de cookies<\/strong><br data-start=\"2276\" data-end=\"2279\" \/>El usuario puede configurar, bloquear o eliminar las cookies instaladas en su equipo mediante la configuraci\u00f3n del navegador. Para m\u00e1s informaci\u00f3n:<\/p><ul data-start=\"2429\" data-end=\"2750\"><li data-start=\"2429\" data-end=\"2502\"><p data-start=\"2431\" data-end=\"2502\"><a class=\"decorated-link cursor-pointer\" target=\"_new\" rel=\"noopener\" data-start=\"2431\" data-end=\"2500\">Google Chrome<\/a><\/p><\/li><li data-start=\"2503\" data-end=\"2576\"><p data-start=\"2505\" data-end=\"2576\"><a class=\"decorated-link cursor-pointer\" target=\"_new\" rel=\"noopener\" data-start=\"2505\" data-end=\"2574\">Mozilla Firefox<\/a><\/p><\/li><li data-start=\"2577\" data-end=\"2649\"><p data-start=\"2579\" data-end=\"2649\"><a class=\"decorated-link cursor-pointer\" target=\"_new\" rel=\"noopener\" data-start=\"2579\" data-end=\"2647\">Safari<\/a><\/p><\/li><li data-start=\"2650\" data-end=\"2750\"><p data-start=\"2652\" data-end=\"2750\"><a class=\"decorated-link cursor-pointer\" target=\"_new\" rel=\"noopener\" data-start=\"2652\" data-end=\"2748\">Microsoft Edge<\/a><\/p><\/li><\/ul>\t\t\t\t\t\t\t\t<\/div>\n\t\t\t\t\t<\/div>\n\t\t\t\t<\/div>\n\t\t\t\t<\/div>","protected":false},"excerpt":{"rendered":"<p>Pol\u00edtica de Cookies Este sitio web utiliza cookies propias y de terceros para mejorar la experiencia de navegaci\u00f3n del usuario, as\u00ed como para fines anal\u00edticos y de integraci\u00f3n con redes sociales. \u00bfQu\u00e9 son las cookies?Las cookies son peque\u00f1os archivos que se almacenan en el dispositivo del usuario y permiten recordar informaci\u00f3n sobre su navegaci\u00f3n. Tipos [&hellip;]<\/p>\n","protected":false},"author":1,"featured_media":0,"parent":0,"menu_order":0,"comment_status":"closed","ping_status":"closed","template":"","meta":{"footnotes":""},"class_list":["post-959","page","type-page","status-publish","hentry"],"aioseo_notices":[],"_links":{"self":[{"href":"https:\/\/drmoradelrio.com\/it\/wp-json\/wp\/v2\/pages\/959","targetHints":{"allow":["GET"]}}],"collection":[{"href":"https:\/\/drmoradelrio.com\/it\/wp-json\/wp\/v2\/pages"}],"about":[{"href":"https:\/\/drmoradelrio.com\/it\/wp-json\/wp\/v2\/types\/page"}],"author":[{"embeddable":true,"href":"https:\/\/drmoradelrio.com\/it\/wp-json\/wp\/v2\/users\/1"}],"replies":[{"embeddable":true,"href":"https:\/\/drmoradelrio.com\/it\/wp-json\/wp\/v2\/comments?post=959"}],"version-history":[{"count":10,"href":"https:\/\/drmoradelrio.com\/it\/wp-json\/wp\/v2\/pages\/959\/revisions"}],"predecessor-version":[{"id":1570,"href":"https:\/\/drmoradelrio.com\/it\/wp-json\/wp\/v2\/pages\/959\/revisions\/1570"}],"wp:attachment":[{"href":"https:\/\/drmoradelrio.com\/it\/wp-json\/wp\/v2\/media?parent=959"}],"curies":[{"name":"wp","href":"https:\/\/api.w.org\/{rel}","templated":true}]}}