{"id":953,"date":"2025-08-18T13:12:13","date_gmt":"2025-08-18T13:12:13","guid":{"rendered":"https:\/\/drmoradelrio.com\/?page_id=953"},"modified":"2025-10-07T00:22:07","modified_gmt":"2025-10-07T00:22:07","slug":"terminos-y-condiciones","status":"publish","type":"page","link":"https:\/\/drmoradelrio.com\/fr\/terminos-y-condiciones\/","title":{"rendered":"Conditions G\u00e9n\u00e9rales d\u2019Utilisation"},"content":{"rendered":"<div data-elementor-type=\"wp-page\" data-elementor-id=\"953\" class=\"elementor elementor-953\" data-elementor-post-type=\"page\">\n\t\t\t\t<div class=\"elementor-element elementor-element-6f3624c e-flex e-con-boxed e-con e-parent\" data-id=\"6f3624c\" data-element_type=\"container\" data-e-type=\"container\">\n\t\t\t\t\t<div class=\"e-con-inner\">\n\t\t\t\t<div class=\"elementor-element elementor-element-4a02ee8 elementor-widget elementor-widget-heading\" data-id=\"4a02ee8\" data-element_type=\"widget\" data-e-type=\"widget\" data-widget_type=\"heading.default\">\n\t\t\t\t\t<h2 class=\"elementor-heading-title elementor-size-default\">Conditions G\u00e9n\u00e9rales d\u2019Utilisation<\/h2>\t\t\t\t<\/div>\n\t\t\t\t<div class=\"elementor-element elementor-element-cf20752 elementor-widget elementor-widget-text-editor\" data-id=\"cf20752\" data-element_type=\"widget\" data-e-type=\"widget\" data-widget_type=\"text-editor.default\">\n\t\t\t\t\t\t\t\t\t<p data-start=\"3948\" data-end=\"4040\"><strong data-start=\"3948\" data-end=\"3958\">Objet<\/strong><br data-start=\"3958\" data-end=\"3961\" \/>Les pr\u00e9sentes conditions r\u00e9gissent l\u2019utilisation du site web de Antonio Mora<\/p><p data-start=\"4042\" data-end=\"4238\"><strong data-start=\"4042\" data-end=\"4059\">Uso de la web<\/strong><br data-start=\"4059\" data-end=\"4062\" \/>L\u2019utilisateur s\u2019engage \u00e0 utiliser le site conform\u00e9ment \u00e0 la loi, \u00e0 la morale et \u00e0 l\u2019ordre public. Toute utilisation illicite est interdite.<\/p><p data-start=\"4240\" data-end=\"4436\"><strong data-start=\"4240\" data-end=\"4254\">Contenus<\/strong><br data-start=\"4254\" data-end=\"4257\" \/>Les articles du blog sont r\u00e9dig\u00e9s par l\u2019\u00e9quipe marketing et communication de Antonio Mora Les utilisateurs ne peuvent pas publier de commentaires.<\/p><p data-start=\"4438\" data-end=\"4676\"><strong data-start=\"4438\" data-end=\"4463\">Propri\u00e9t\u00e9 intellectuelle<\/strong><br data-start=\"4463\" data-end=\"4466\" \/>Les textes, images et la conception du site sont la propri\u00e9t\u00e9 exclusive de Meditradepor SL, sauf indication contraire. L\u2019utilisation non autoris\u00e9e est interdite.<\/p><p data-start=\"4678\" data-end=\"4871\"><strong data-start=\"4678\" data-end=\"4722\">Exclusion de responsabilit\u00e9<\/strong><br data-start=\"4722\" data-end=\"4725\" \/>Meditradepor SL ne garantit pas le fonctionnement continu du site et ne saurait \u00eatre tenu responsable des dommages r\u00e9sultant de son utilisation.<\/p><p data-start=\"4873\" data-end=\"5036\"><strong data-start=\"4873\" data-end=\"4904\">Modification des conditions<\/strong><br data-start=\"4904\" data-end=\"4907\" \/>Meditradepor SL se r\u00e9serve le droit de modifier les pr\u00e9sentes conditions sans pr\u00e9avis, les mises \u00e0 jour \u00e9tant publi\u00e9es sur le site.<\/p>\t\t\t\t\t\t\t\t<\/div>\n\t\t\t\t\t<\/div>\n\t\t\t\t<\/div>\n\t\t\t\t<\/div>","protected":false},"excerpt":{"rendered":"<p>T\u00e9rminos y Condiciones ObjetoLas presentes condiciones regulan el uso de la p\u00e1gina web de Meditradepor SL. Uso de la webEl usuario se compromete a utilizar la web de conformidad con la ley, la moral, las buenas costumbres y el orden p\u00fablico. Queda prohibido el uso con fines il\u00edcitos o lesivos. ContenidosLos art\u00edculos del blog son [&hellip;]<\/p>\n","protected":false},"author":1,"featured_media":0,"parent":0,"menu_order":0,"comment_status":"closed","ping_status":"closed","template":"","meta":{"footnotes":""},"class_list":["post-953","page","type-page","status-publish","hentry"],"aioseo_notices":[],"_links":{"self":[{"href":"https:\/\/drmoradelrio.com\/fr\/wp-json\/wp\/v2\/pages\/953","targetHints":{"allow":["GET"]}}],"collection":[{"href":"https:\/\/drmoradelrio.com\/fr\/wp-json\/wp\/v2\/pages"}],"about":[{"href":"https:\/\/drmoradelrio.com\/fr\/wp-json\/wp\/v2\/types\/page"}],"author":[{"embeddable":true,"href":"https:\/\/drmoradelrio.com\/fr\/wp-json\/wp\/v2\/users\/1"}],"replies":[{"embeddable":true,"href":"https:\/\/drmoradelrio.com\/fr\/wp-json\/wp\/v2\/comments?post=953"}],"version-history":[{"count":10,"href":"https:\/\/drmoradelrio.com\/fr\/wp-json\/wp\/v2\/pages\/953\/revisions"}],"predecessor-version":[{"id":1576,"href":"https:\/\/drmoradelrio.com\/fr\/wp-json\/wp\/v2\/pages\/953\/revisions\/1576"}],"wp:attachment":[{"href":"https:\/\/drmoradelrio.com\/fr\/wp-json\/wp\/v2\/media?parent=953"}],"curies":[{"name":"wp","href":"https:\/\/api.w.org\/{rel}","templated":true}]}}