{"id":955,"date":"2025-08-18T13:12:53","date_gmt":"2025-08-18T13:12:53","guid":{"rendered":"https:\/\/drmoradelrio.com\/?page_id=955"},"modified":"2025-10-07T00:21:55","modified_gmt":"2025-10-07T00:21:55","slug":"aviso-legal","status":"publish","type":"page","link":"https:\/\/drmoradelrio.com\/en\/aviso-legal\/","title":{"rendered":"Legal Notice"},"content":{"rendered":"<div data-elementor-type=\"wp-page\" data-elementor-id=\"955\" class=\"elementor elementor-955\" data-elementor-post-type=\"page\">\n\t\t\t\t<div class=\"elementor-element elementor-element-2ef1106 e-flex e-con-boxed e-con e-parent\" data-id=\"2ef1106\" data-element_type=\"container\" data-e-type=\"container\">\n\t\t\t\t\t<div class=\"e-con-inner\">\n\t\t\t\t<div class=\"elementor-element elementor-element-f4e3fca elementor-widget elementor-widget-heading\" data-id=\"f4e3fca\" data-element_type=\"widget\" data-e-type=\"widget\" data-widget_type=\"heading.default\">\n\t\t\t\t\t<h2 class=\"elementor-heading-title elementor-size-default\">Legal Notice<\/h2>\t\t\t\t<\/div>\n\t\t\t\t<div class=\"elementor-element elementor-element-14ad1a8 elementor-widget elementor-widget-text-editor\" data-id=\"14ad1a8\" data-element_type=\"widget\" data-e-type=\"widget\" data-widget_type=\"text-editor.default\">\n\t\t\t\t\t\t\t\t\t<p data-start=\"233\" data-end=\"484\"><strong data-start=\"233\" data-end=\"254\">Website Owner<\/strong><br data-start=\"254\" data-end=\"257\" \/>In compliance with Law 34\/2002 of July 11, on Information Society Services and Electronic Commerce (LSSI-CE), the following information is provided:<\/p><ul data-start=\"486\" data-end=\"696\"><li data-start=\"486\" data-end=\"523\"><p data-start=\"488\" data-end=\"523\"><strong data-start=\"488\" data-end=\"504\">Company name:<\/strong>Meditradepor SL<\/p><\/li><li data-start=\"524\" data-end=\"550\"><p data-start=\"526\" data-end=\"550\"><strong data-start=\"526\" data-end=\"537\">CIF\/NIF<\/strong>: B66388059<\/p><\/li><li data-start=\"551\" data-end=\"619\"><p data-start=\"553\" data-end=\"619\"><strong data-start=\"553\" data-end=\"573\">Address:<\/strong>: Cl Corcega Num.52 Local, 08012 \u2013 Barcelona<\/p><\/li><li data-start=\"620\" data-end=\"647\"><p data-start=\"622\" data-end=\"647\"><strong data-start=\"622\" data-end=\"634\">Phone<\/strong>: 934617717<\/p><\/li><li data-start=\"648\" data-end=\"696\"><p data-start=\"650\" data-end=\"696\"><strong data-start=\"650\" data-end=\"671\">Email:<\/strong>: <a class=\"decorated-link cursor-pointer\" rel=\"noopener\" data-start=\"673\" data-end=\"694\">info@mtdbarcelona.com<\/a><\/p><\/li><\/ul><p data-start=\"698\" data-end=\"993\"><strong data-start=\"698\" data-end=\"720\">Terms of Use<\/strong><br data-start=\"720\" data-end=\"723\" \/>Access to and navigation on this website implies acceptance of the conditions established in this Legal Notice. The user agrees to make proper use of the website and not to use it for illicit or unlawful purposes.<\/p><p data-start=\"995\" data-end=\"1312\"><strong data-start=\"995\" data-end=\"1033\">Intellectual and Industrial Property<\/strong><br data-start=\"1033\" data-end=\"1036\" \/>All content on this website (texts, images, logos, design, software, etc.) is owned by Meditradepor SL or licensed to them. Reproduction, distribution, or modification without authorization is prohibited.<\/p><p data-start=\"1314\" data-end=\"1567\"><strong data-start=\"1314\" data-end=\"1347\">Limitation of Liability<\/strong><br data-start=\"1347\" data-end=\"1350\" \/>Meditradepor SL shall not be liable for damages caused by interruptions, computer viruses, failures, or disconnections beyond its control.<\/p>\t\t\t\t\t\t\t\t<\/div>\n\t\t\t\t\t<\/div>\n\t\t\t\t<\/div>\n\t\t\t\t<\/div>","protected":false},"excerpt":{"rendered":"<p>Aviso Legal Titular de la webEn cumplimiento con lo dispuesto en la Ley 34\/2002 de 11 de julio, de Servicios de la Sociedad de la Informaci\u00f3n y de Comercio Electr\u00f3nico (LSSI-CE), se informa de los siguientes datos de la empresa titular de este sitio web: Raz\u00f3n Social: Meditradepor SL CIF\/NIF: B66388059 Domicilio social: Cl Corcega [&hellip;]<\/p>\n","protected":false},"author":1,"featured_media":0,"parent":0,"menu_order":0,"comment_status":"closed","ping_status":"closed","template":"","meta":{"footnotes":""},"class_list":["post-955","page","type-page","status-publish","hentry"],"aioseo_notices":[],"_links":{"self":[{"href":"https:\/\/drmoradelrio.com\/en\/wp-json\/wp\/v2\/pages\/955","targetHints":{"allow":["GET"]}}],"collection":[{"href":"https:\/\/drmoradelrio.com\/en\/wp-json\/wp\/v2\/pages"}],"about":[{"href":"https:\/\/drmoradelrio.com\/en\/wp-json\/wp\/v2\/types\/page"}],"author":[{"embeddable":true,"href":"https:\/\/drmoradelrio.com\/en\/wp-json\/wp\/v2\/users\/1"}],"replies":[{"embeddable":true,"href":"https:\/\/drmoradelrio.com\/en\/wp-json\/wp\/v2\/comments?post=955"}],"version-history":[{"count":10,"href":"https:\/\/drmoradelrio.com\/en\/wp-json\/wp\/v2\/pages\/955\/revisions"}],"predecessor-version":[{"id":1573,"href":"https:\/\/drmoradelrio.com\/en\/wp-json\/wp\/v2\/pages\/955\/revisions\/1573"}],"wp:attachment":[{"href":"https:\/\/drmoradelrio.com\/en\/wp-json\/wp\/v2\/media?parent=955"}],"curies":[{"name":"wp","href":"https:\/\/api.w.org\/{rel}","templated":true}]}}