{"id":3,"date":"2025-08-05T09:11:51","date_gmt":"2025-08-05T09:11:51","guid":{"rendered":"https:\/\/drmoradelrio.com\/?page_id=3"},"modified":"2025-10-07T00:20:59","modified_gmt":"2025-10-07T00:20:59","slug":"politicas-de-privacidad","status":"publish","type":"page","link":"https:\/\/drmoradelrio.com\/en\/politicas-de-privacidad\/","title":{"rendered":"Privacy Policy"},"content":{"rendered":"<div data-elementor-type=\"wp-page\" data-elementor-id=\"3\" class=\"elementor elementor-3\" data-elementor-post-type=\"page\">\n\t\t\t\t<div class=\"elementor-element elementor-element-1b2c470e e-flex e-con-boxed e-con e-parent\" data-id=\"1b2c470e\" data-element_type=\"container\" data-e-type=\"container\">\n\t\t\t\t\t<div class=\"e-con-inner\">\n\t\t\t\t<div class=\"elementor-element elementor-element-34550d0 elementor-widget elementor-widget-heading\" data-id=\"34550d0\" data-element_type=\"widget\" data-e-type=\"widget\" data-widget_type=\"heading.default\">\n\t\t\t\t\t<h2 class=\"elementor-heading-title elementor-size-default\">Privacy Policy<\/h2>\t\t\t\t<\/div>\n\t\t\t\t<div class=\"elementor-element elementor-element-3944c092 elementor-widget elementor-widget-text-editor\" data-id=\"3944c092\" data-element_type=\"widget\" data-e-type=\"widget\" data-widget_type=\"text-editor.default\">\n\t\t\t\t\t\t\t\t\t<p data-start=\"2788\" data-end=\"2821\"><strong data-start=\"2788\" data-end=\"2819\">Data Controller<\/strong><\/p><ul data-start=\"2822\" data-end=\"2953\"><li data-start=\"2822\" data-end=\"2854\"><p data-start=\"2824\" data-end=\"2854\"><strong data-start=\"2824\" data-end=\"2835\">Entity:<\/strong>Meditradepor SL<\/p><\/li><li data-start=\"2855\" data-end=\"2916\"><p data-start=\"2857\" data-end=\"2916\"><strong data-start=\"2857\" data-end=\"2870\">Address:<\/strong>: Cl Corcega Num.52 Local, 08012 \u2013 Barcelona<\/p><\/li><li data-start=\"2917\" data-end=\"2953\"><p data-start=\"2919\" data-end=\"2953\"><strong data-start=\"2919\" data-end=\"2928\">E-mail<\/strong>: <a class=\"decorated-link cursor-pointer\" rel=\"noopener\" data-start=\"2930\" data-end=\"2951\">info@mtdbarcelona.com<\/a><\/p><\/li><\/ul><p data-start=\"2955\" data-end=\"3060\"><strong data-start=\"2955\" data-end=\"2973\">Data processed<\/strong><br data-start=\"2973\" data-end=\"2976\" \/>Contact form: name, email, phone, and message.<\/p><p data-start=\"3062\" data-end=\"3134\"><strong data-start=\"3062\" data-end=\"3075\">Purpose<\/strong><br data-start=\"3075\" data-end=\"3078\" \/>To respond to inquiries sent through the website.<\/p><p data-start=\"3136\" data-end=\"3227\"><strong data-start=\"3136\" data-end=\"3152\">Legal basis<\/strong><br data-start=\"3152\" data-end=\"3155\" \/>User consent is required when submitting the contact form.<\/p><p data-start=\"3229\" data-end=\"3387\"><strong data-start=\"3229\" data-end=\"3246\">Recipients<\/strong><br data-start=\"3246\" data-end=\"3249\" \/>Data will be processed by Meditradepor SL and its marketing and communications team. No transfers to third parties unless legally required.<\/p><p data-start=\"3389\" data-end=\"3507\"><strong data-start=\"3389\" data-end=\"3414\">Data retention<\/strong><br data-start=\"3414\" data-end=\"3417\" \/>Data will be stored indefinitely until the user requests deletion.<\/p><p data-start=\"3509\" data-end=\"3763\"><strong data-start=\"3509\" data-end=\"3537\">User rights<\/strong><br data-start=\"3537\" data-end=\"3540\" \/>Users may exercise rights of access, rectification, erasure, objection, portability, and restriction by writing to <strong data-start=\"3681\" data-end=\"3706\"><a class=\"decorated-link cursor-pointer\" rel=\"noopener\" data-start=\"3683\" data-end=\"3704\">info@mtdbarcelona.com<\/a><\/strong>with valid identification.<\/p><p data-start=\"3765\" data-end=\"3910\"><strong data-start=\"3765\" data-end=\"3776\">Hosting<\/strong><br data-start=\"3776\" data-end=\"3779\" \/>Hosting services are provided by Hostinger (Spain), ensuring GDPR compliance.<\/p>\t\t\t\t\t\t\t\t<\/div>\n\t\t\t\t\t<\/div>\n\t\t\t\t<\/div>\n\t\t\t\t<\/div>","protected":false},"excerpt":{"rendered":"<p>Pol\u00edticas de Privacidad Responsable del tratamiento Entidad: Meditradepor SL Domicilio: Cl Corcega Num.52 Local, 08012 \u2013 Barcelona Email: info@mtdbarcelona.com Datos tratadosA trav\u00e9s del formulario de contacto se recogen: nombre, email, tel\u00e9fono y mensaje. FinalidadResponder a las consultas enviadas a trav\u00e9s de la web. Legitimaci\u00f3nConsentimiento del usuario al enviar sus datos mediante el formulario. DestinatariosLos datos [&hellip;]<\/p>\n","protected":false},"author":1,"featured_media":0,"parent":0,"menu_order":0,"comment_status":"closed","ping_status":"closed","template":"","meta":{"footnotes":""},"class_list":["post-3","page","type-page","status-publish","hentry"],"aioseo_notices":[],"_links":{"self":[{"href":"https:\/\/drmoradelrio.com\/en\/wp-json\/wp\/v2\/pages\/3","targetHints":{"allow":["GET"]}}],"collection":[{"href":"https:\/\/drmoradelrio.com\/en\/wp-json\/wp\/v2\/pages"}],"about":[{"href":"https:\/\/drmoradelrio.com\/en\/wp-json\/wp\/v2\/types\/page"}],"author":[{"embeddable":true,"href":"https:\/\/drmoradelrio.com\/en\/wp-json\/wp\/v2\/users\/1"}],"replies":[{"embeddable":true,"href":"https:\/\/drmoradelrio.com\/en\/wp-json\/wp\/v2\/comments?post=3"}],"version-history":[{"count":14,"href":"https:\/\/drmoradelrio.com\/en\/wp-json\/wp\/v2\/pages\/3\/revisions"}],"predecessor-version":[{"id":1567,"href":"https:\/\/drmoradelrio.com\/en\/wp-json\/wp\/v2\/pages\/3\/revisions\/1567"}],"wp:attachment":[{"href":"https:\/\/drmoradelrio.com\/en\/wp-json\/wp\/v2\/media?parent=3"}],"curies":[{"name":"wp","href":"https:\/\/api.w.org\/{rel}","templated":true}]}}